{"id":2055,"date":"2026-02-13T18:17:48","date_gmt":"2026-02-13T18:17:48","guid":{"rendered":"https:\/\/motorienonsolo.it\/?page_id=2055"},"modified":"2026-03-06T08:07:21","modified_gmt":"2026-03-06T08:07:21","slug":"nowpadova","status":"publish","type":"page","link":"https:\/\/motorienonsolo.it\/?page_id=2055","title":{"rendered":"nowpadova"},"content":{"rendered":"\t\t<div data-elementor-type=\"wp-page\" data-elementor-id=\"2055\" class=\"elementor elementor-2055\" data-elementor-post-type=\"page\">\n\t\t\t\t<div class=\"elementor-element elementor-element-b6982bb e-flex e-con-boxed e-con e-parent\" data-id=\"b6982bb\" data-element_type=\"container\" data-e-type=\"container\">\n\t\t\t\t\t<div class=\"e-con-inner\">\n\t\t<div class=\"elementor-element elementor-element-52d2902 e-grid e-con-full e-con e-child\" data-id=\"52d2902\" data-element_type=\"container\" data-e-type=\"container\">\n\t\t<div class=\"elementor-element elementor-element-40e1927 e-con-full e-flex e-con e-child\" data-id=\"40e1927\" data-element_type=\"container\" data-e-type=\"container\">\n\t\t\t\t<div class=\"elementor-element elementor-element-f62b684 elementor-widget elementor-widget-heading\" data-id=\"f62b684\" data-element_type=\"widget\" data-e-type=\"widget\" data-widget_type=\"heading.default\">\n\t\t\t\t\t\t<div class=\"elementor-widget-container\">\n\t\t\t\t\t<h2 class=\"elementor-heading-title elementor-size-default\">now padova<\/h2>\t\t\t\t<\/div>\n\t\t\t\t<\/div>\n\t\t\t\t<div class=\"elementor-element elementor-element-841937a elementor-widget elementor-widget-text-editor\" data-id=\"841937a\" data-element_type=\"widget\" data-e-type=\"widget\" data-widget_type=\"text-editor.default\">\n\t\t\t\t\t\t<div class=\"elementor-widget-container\">\n\t\t\t\t\t\t\t\t\t<div class=\"gmail_default\"><p>In un mondo dove le notizie si diffondono rapidamente, ora pi\u00f9 che mai \u00e8 importante avere una fonte che racconti le storie locali. <a href=\"http:\/\/nowpadova.com\/\">NowPadova.com<\/a> \u00e8 un giornale online che si dedica a valorizzare i comuni della provincia di Padova, dando voce a chi vive e lavora in questi territori. Questo impegno non solo informa i lettori, ma crea anche un senso di comunit\u00e0 e appartenenza, rendendo <a href=\"http:\/\/nowpadova.com\/\">NowPadova.com<\/a> un punto di riferimento fondamentale per la cultura e la vita sociale della zona. Per questo motivo l\u2019associazione \u201cMotori e non solo aps-ets\u201d ha creato e curato l\u2019intero progetto di questo giornale online seguendo quotidianamente la sua pubblicazione.<\/p><p><a href=\"http:\/\/nowpadova.com\/\">NowPadova.com<\/a> offre uno spazio speciale per gli eventi culturali e ricreativi. Ogni settimana, il giornale pubblica un calendario dettagliato delle manifestazioni in programma, dalle fiere ai concerti, fino agli spettacoli teatrali. Questo permette ai lettori di essere sempre aggiornati su ci\u00f2 che accade nella loro provincia e di partecipare a eventi che possono arricchire la loro vita sociale.<span class=\"gmail-Apple-converted-space\">\u00a0<\/span><\/p><p>Non va dimenticato il ruolo delle associazioni locali, che spesso sono il cuore pulsante delle comunit\u00e0. <a href=\"http:\/\/nowpadova.com\/\">NowPadova.com<\/a> si impegna a dare visibilit\u00e0 a queste realt\u00e0, permettendo loro di raccontare le proprie attivit\u00e0 e progetti. Le associazioni di volontariato, per esempio, possono cos\u00ec attrarre nuovi membri e sostenitori, contribuendo a migliorare il benessere di tutti. Quando le persone si uniscono per una causa comune, i risultati possono essere straordinari.<\/p><p><a href=\"http:\/\/nowpadova.com\/\">NowPadova.com<\/a> non \u00e8 solo un giornale online, ma un mezzo prezioso per connettere le persone e valorizzare la cultura del territorio. Raccontando storie locali, promuovendo eventi e dando voce alle associazioni, contribuisce a creare un senso di comunit\u00e0 tra i cittadini di Padova. \u00c8 fondamentale sostenere iniziative come questa, che ci ricordano l\u2019importanza di conoscere e apprezzare il mondo che ci circonda. Un invito a tutti \u00e8 quindi quello di seguire <a href=\"http:\/\/nowpadova.com\/\">NowPadova.com<\/a> e partecipare attivamente alla vita della propria comunit\u00e0.<\/p><p><span class=\"gmail-Apple-converted-space\">\u00a0<\/span><\/p><\/div>\t\t\t\t\t\t\t\t<\/div>\n\t\t\t\t<\/div>\n\t\t\t\t<\/div>\n\t\t<div class=\"elementor-element elementor-element-a59560c e-con-full e-flex e-con e-child\" data-id=\"a59560c\" data-element_type=\"container\" data-e-type=\"container\">\n\t\t\t\t<div class=\"elementor-element elementor-element-d166285 elementor-widget elementor-widget-image\" data-id=\"d166285\" data-element_type=\"widget\" data-e-type=\"widget\" data-widget_type=\"image.default\">\n\t\t\t\t\t\t<div class=\"elementor-widget-container\">\n\t\t\t\t\t\t\t\t\t\t\t\t\t\t\t<img fetchpriority=\"high\" decoding=\"async\" width=\"1024\" height=\"1024\" src=\"https:\/\/motorienonsolo.it\/wp-content\/uploads\/2026\/02\/presentazione-motori-e-non-solo-summer-2026-per-sito-internet5-1024x1024.jpg\" class=\"attachment-large size-large wp-image-2033\" alt=\"\" srcset=\"https:\/\/motorienonsolo.it\/wp-content\/uploads\/2026\/02\/presentazione-motori-e-non-solo-summer-2026-per-sito-internet5-1024x1024.jpg 1024w, https:\/\/motorienonsolo.it\/wp-content\/uploads\/2026\/02\/presentazione-motori-e-non-solo-summer-2026-per-sito-internet5-300x300.jpg 300w, https:\/\/motorienonsolo.it\/wp-content\/uploads\/2026\/02\/presentazione-motori-e-non-solo-summer-2026-per-sito-internet5-150x150.jpg 150w, https:\/\/motorienonsolo.it\/wp-content\/uploads\/2026\/02\/presentazione-motori-e-non-solo-summer-2026-per-sito-internet5-768x768.jpg 768w, https:\/\/motorienonsolo.it\/wp-content\/uploads\/2026\/02\/presentazione-motori-e-non-solo-summer-2026-per-sito-internet5-1536x1536.jpg 1536w, https:\/\/motorienonsolo.it\/wp-content\/uploads\/2026\/02\/presentazione-motori-e-non-solo-summer-2026-per-sito-internet5-2048x2048.jpg 2048w, https:\/\/motorienonsolo.it\/wp-content\/uploads\/2026\/02\/presentazione-motori-e-non-solo-summer-2026-per-sito-internet5-600x600.jpg 600w, https:\/\/motorienonsolo.it\/wp-content\/uploads\/2026\/02\/presentazione-motori-e-non-solo-summer-2026-per-sito-internet5-100x100.jpg 100w\" sizes=\"(max-width: 1024px) 100vw, 1024px\" \/>\t\t\t\t\t\t\t\t\t\t\t\t\t\t\t<\/div>\n\t\t\t\t<\/div>\n\t\t\t\t<div class=\"elementor-element elementor-element-9457719 elementor-align-center elementor-widget elementor-widget-button\" data-id=\"9457719\" data-element_type=\"widget\" data-e-type=\"widget\" data-widget_type=\"button.default\">\n\t\t\t\t\t\t<div class=\"elementor-widget-container\">\n\t\t\t\t\t\t\t\t\t<div class=\"elementor-button-wrapper\">\n\t\t\t\t\t<a class=\"elementor-button elementor-button-link elementor-size-sm\" href=\"https:\/\/nowpadova.com\/\">\n\t\t\t\t\t\t<span class=\"elementor-button-content-wrapper\">\n\t\t\t\t\t\t<span class=\"elementor-button-icon\">\n\t\t\t\t<svg aria-hidden=\"true\" class=\"e-font-icon-svg e-far-arrow-alt-circle-right\" viewBox=\"0 0 512 512\" xmlns=\"http:\/\/www.w3.org\/2000\/svg\"><path d=\"M504 256C504 119 393 8 256 8S8 119 8 256s111 248 248 248 248-111 248-248zm-448 0c0-110.5 89.5-200 200-200s200 89.5 200 200-89.5 200-200 200S56 366.5 56 256zm72 20v-40c0-6.6 5.4-12 12-12h116v-67c0-10.7 12.9-16 20.5-8.5l99 99c4.7 4.7 4.7 12.3 0 17l-99 99c-7.6 7.6-20.5 2.2-20.5-8.5v-67H140c-6.6 0-12-5.4-12-12z\"><\/path><\/svg>\t\t\t<\/span>\n\t\t\t\t\t\t\t\t\t<span class=\"elementor-button-text\">Vai al sito di nowpadova<\/span>\n\t\t\t\t\t<\/span>\n\t\t\t\t\t<\/a>\n\t\t\t\t<\/div>\n\t\t\t\t\t\t\t\t<\/div>\n\t\t\t\t<\/div>\n\t\t\t\t<\/div>\n\t\t\t\t<\/div>\n\t\t\t\t\t<\/div>\n\t\t\t\t<\/div>\n\t\t<div class=\"elementor-element elementor-element-ff76d6a e-flex e-con-boxed e-con e-parent\" data-id=\"ff76d6a\" data-element_type=\"container\" data-e-type=\"container\">\n\t\t\t\t\t<div class=\"e-con-inner\">\n\t\t\t\t\t<\/div>\n\t\t\t\t<\/div>\n\t\t\t\t<\/div>\n\t\t","protected":false},"excerpt":{"rendered":"<p>now padova In un mondo dove le notizie si diffondono rapidamente, ora pi\u00f9 che mai \u00e8 importante avere una fonte che racconti le storie locali. NowPadova.com \u00e8 un giornale online che si dedica a valorizzare i comuni della provincia di Padova, dando voce a chi vive e lavora in questi territori. Questo impegno non solo [&hellip;]<\/p>\n","protected":false},"author":1,"featured_media":0,"parent":0,"menu_order":0,"comment_status":"closed","ping_status":"closed","template":"","meta":{"site-sidebar-layout":"no-sidebar","site-content-layout":"page-builder","ast-site-content-layout":"full-width-container","site-content-style":"default","site-sidebar-style":"default","ast-global-header-display":"","ast-banner-title-visibility":"","ast-main-header-display":"","ast-hfb-above-header-display":"","ast-hfb-below-header-display":"","ast-hfb-mobile-header-display":"","site-post-title":"disabled","ast-breadcrumbs-content":"","ast-featured-img":"disabled","footer-sml-layout":"","ast-disable-related-posts":"","theme-transparent-header-meta":"","adv-header-id-meta":"","stick-header-meta":"","header-above-stick-meta":"","header-main-stick-meta":"","header-below-stick-meta":"","astra-migrate-meta-layouts":"default","ast-page-background-enabled":"default","ast-page-background-meta":{"desktop":{"background-color":"","background-image":"","background-repeat":"repeat","background-position":"center center","background-size":"auto","background-attachment":"scroll","background-type":"","background-media":"","overlay-type":"","overlay-color":"","overlay-opacity":"","overlay-gradient":""},"tablet":{"background-color":"","background-image":"","background-repeat":"repeat","background-position":"center center","background-size":"auto","background-attachment":"scroll","background-type":"","background-media":"","overlay-type":"","overlay-color":"","overlay-opacity":"","overlay-gradient":""},"mobile":{"background-color":"","background-image":"","background-repeat":"repeat","background-position":"center center","background-size":"auto","background-attachment":"scroll","background-type":"","background-media":"","overlay-type":"","overlay-color":"","overlay-opacity":"","overlay-gradient":""}},"ast-content-background-meta":{"desktop":{"background-color":"var(--ast-global-color-5)","background-image":"","background-repeat":"repeat","background-position":"center center","background-size":"auto","background-attachment":"scroll","background-type":"","background-media":"","overlay-type":"","overlay-color":"","overlay-opacity":"","overlay-gradient":""},"tablet":{"background-color":"var(--ast-global-color-5)","background-image":"","background-repeat":"repeat","background-position":"center center","background-size":"auto","background-attachment":"scroll","background-type":"","background-media":"","overlay-type":"","overlay-color":"","overlay-opacity":"","overlay-gradient":""},"mobile":{"background-color":"var(--ast-global-color-5)","background-image":"","background-repeat":"repeat","background-position":"center center","background-size":"auto","background-attachment":"scroll","background-type":"","background-media":"","overlay-type":"","overlay-color":"","overlay-opacity":"","overlay-gradient":""}},"footnotes":""},"class_list":["post-2055","page","type-page","status-publish","hentry"],"jetpack_sharing_enabled":true,"_links":{"self":[{"href":"https:\/\/motorienonsolo.it\/index.php?rest_route=\/wp\/v2\/pages\/2055","targetHints":{"allow":["GET"]}}],"collection":[{"href":"https:\/\/motorienonsolo.it\/index.php?rest_route=\/wp\/v2\/pages"}],"about":[{"href":"https:\/\/motorienonsolo.it\/index.php?rest_route=\/wp\/v2\/types\/page"}],"author":[{"embeddable":true,"href":"https:\/\/motorienonsolo.it\/index.php?rest_route=\/wp\/v2\/users\/1"}],"replies":[{"embeddable":true,"href":"https:\/\/motorienonsolo.it\/index.php?rest_route=%2Fwp%2Fv2%2Fcomments&post=2055"}],"version-history":[{"count":7,"href":"https:\/\/motorienonsolo.it\/index.php?rest_route=\/wp\/v2\/pages\/2055\/revisions"}],"predecessor-version":[{"id":2178,"href":"https:\/\/motorienonsolo.it\/index.php?rest_route=\/wp\/v2\/pages\/2055\/revisions\/2178"}],"wp:attachment":[{"href":"https:\/\/motorienonsolo.it\/index.php?rest_route=%2Fwp%2Fv2%2Fmedia&parent=2055"}],"curies":[{"name":"wp","href":"https:\/\/api.w.org\/{rel}","templated":true}]}}