{"id":2054,"date":"2026-02-13T18:18:10","date_gmt":"2026-02-13T18:18:10","guid":{"rendered":"https:\/\/motorienonsolo.it\/?page_id=2054"},"modified":"2026-02-13T18:22:52","modified_gmt":"2026-02-13T18:22:52","slug":"stemma-comunale","status":"publish","type":"page","link":"https:\/\/motorienonsolo.it\/?page_id=2054","title":{"rendered":"stemma comunale"},"content":{"rendered":"\t\t<div data-elementor-type=\"wp-page\" data-elementor-id=\"2054\" class=\"elementor elementor-2054\" data-elementor-post-type=\"page\">\n\t\t\t\t<div class=\"elementor-element elementor-element-b6982bb e-flex e-con-boxed e-con e-parent\" data-id=\"b6982bb\" data-element_type=\"container\" data-e-type=\"container\">\n\t\t\t\t\t<div class=\"e-con-inner\">\n\t\t<div class=\"elementor-element elementor-element-52d2902 e-grid e-con-full e-con e-child\" data-id=\"52d2902\" data-element_type=\"container\" data-e-type=\"container\">\n\t\t<div class=\"elementor-element elementor-element-40e1927 e-con-full e-flex e-con e-child\" data-id=\"40e1927\" data-element_type=\"container\" data-e-type=\"container\">\n\t\t\t\t<div class=\"elementor-element elementor-element-f62b684 elementor-widget elementor-widget-heading\" data-id=\"f62b684\" data-element_type=\"widget\" data-e-type=\"widget\" data-widget_type=\"heading.default\">\n\t\t\t\t\t\t<div class=\"elementor-widget-container\">\n\t\t\t\t\t<h2 class=\"elementor-heading-title elementor-size-default\">stemma comunale<\/h2>\t\t\t\t<\/div>\n\t\t\t\t<\/div>\n\t\t\t\t<div class=\"elementor-element elementor-element-841937a elementor-widget elementor-widget-text-editor\" data-id=\"841937a\" data-element_type=\"widget\" data-e-type=\"widget\" data-widget_type=\"text-editor.default\">\n\t\t\t\t\t\t<div class=\"elementor-widget-container\">\n\t\t\t\t\t\t\t\t\t<div class=\"gmail_default\"><p>La bellezza di un simbolo pu\u00f2 raccontare l\u2019essenza di una comunit\u00e0. Il restyling dello stemma del comune, che nel 2024 \u00e8 diventata citt\u00e0, \u00e8 un esempio di come la creativit\u00e0 possa esprimere l\u2019identit\u00e0 di un luogo. L\u2019associazione \u201cMotori e non solo aps-ets\u201d ha avuto l\u2019onore di intraprendere questo importante progetto, dimostrando che la tradizione e l\u2019innovazione possono andare di pari passo.<\/p><p>Il nuovo stemma rappresenta non solo un cambiamento visivo, ma anche un forte legame con la storia e i valori della comunit\u00e0. L\u2019amministrazione comunale ha mostrato grande fiducia nei confronti dei creativi dell\u2019associazione. Questa collaborazione ha permesso di unire le competenze artistiche con le esigenze della comunit\u00e0. La comunicazione aperta tra i progettisti e l\u2019amministrazione ha portato a risultati che vanno oltre le aspettative. Il restyling dello stemma ha un significato profondo per l\u2019identit\u00e0 della citt\u00e0. Con l\u2019assegnazione del titolo di citt\u00e0, il nuovo simbolo rappresenta una nuova era di sviluppo e opportunit\u00e0. La comunit\u00e0 ha ora un\u2019immagine che rappresenta le sue aspirazioni e la sua crescita. Questo simbolo non \u00e8 solo un\u2019immagine, ma un invito a tutti a unirsi e lavorare insieme per costruire un futuro migliore.<\/p><\/div>\t\t\t\t\t\t\t\t<\/div>\n\t\t\t\t<\/div>\n\t\t\t\t<\/div>\n\t\t<div class=\"elementor-element elementor-element-a59560c e-con-full e-flex e-con e-child\" data-id=\"a59560c\" data-element_type=\"container\" data-e-type=\"container\">\n\t\t\t\t<div class=\"elementor-element elementor-element-d166285 elementor-widget elementor-widget-image\" data-id=\"d166285\" data-element_type=\"widget\" data-e-type=\"widget\" data-widget_type=\"image.default\">\n\t\t\t\t\t\t<div class=\"elementor-widget-container\">\n\t\t\t\t\t\t\t\t\t\t\t\t\t\t\t<img fetchpriority=\"high\" decoding=\"async\" width=\"1024\" height=\"1024\" src=\"https:\/\/motorienonsolo.it\/wp-content\/uploads\/2026\/02\/presentazione-motori-e-non-solo-summer-2026-per-sito-internet4-1024x1024.jpg\" class=\"attachment-large size-large wp-image-2034\" alt=\"\" srcset=\"https:\/\/motorienonsolo.it\/wp-content\/uploads\/2026\/02\/presentazione-motori-e-non-solo-summer-2026-per-sito-internet4-1024x1024.jpg 1024w, https:\/\/motorienonsolo.it\/wp-content\/uploads\/2026\/02\/presentazione-motori-e-non-solo-summer-2026-per-sito-internet4-300x300.jpg 300w, https:\/\/motorienonsolo.it\/wp-content\/uploads\/2026\/02\/presentazione-motori-e-non-solo-summer-2026-per-sito-internet4-150x150.jpg 150w, https:\/\/motorienonsolo.it\/wp-content\/uploads\/2026\/02\/presentazione-motori-e-non-solo-summer-2026-per-sito-internet4-768x768.jpg 768w, https:\/\/motorienonsolo.it\/wp-content\/uploads\/2026\/02\/presentazione-motori-e-non-solo-summer-2026-per-sito-internet4-1536x1536.jpg 1536w, https:\/\/motorienonsolo.it\/wp-content\/uploads\/2026\/02\/presentazione-motori-e-non-solo-summer-2026-per-sito-internet4-2048x2048.jpg 2048w, https:\/\/motorienonsolo.it\/wp-content\/uploads\/2026\/02\/presentazione-motori-e-non-solo-summer-2026-per-sito-internet4-600x600.jpg 600w, https:\/\/motorienonsolo.it\/wp-content\/uploads\/2026\/02\/presentazione-motori-e-non-solo-summer-2026-per-sito-internet4-100x100.jpg 100w\" sizes=\"(max-width: 1024px) 100vw, 1024px\" \/>\t\t\t\t\t\t\t\t\t\t\t\t\t\t\t<\/div>\n\t\t\t\t<\/div>\n\t\t\t\t<\/div>\n\t\t\t\t<\/div>\n\t\t\t\t\t<\/div>\n\t\t\t\t<\/div>\n\t\t<div class=\"elementor-element elementor-element-ff76d6a e-flex e-con-boxed e-con e-parent\" data-id=\"ff76d6a\" data-element_type=\"container\" data-e-type=\"container\">\n\t\t\t\t\t<div class=\"e-con-inner\">\n\t\t\t\t\t<\/div>\n\t\t\t\t<\/div>\n\t\t\t\t<\/div>\n\t\t","protected":false},"excerpt":{"rendered":"<p>stemma comunale La bellezza di un simbolo pu\u00f2 raccontare l\u2019essenza di una comunit\u00e0. Il restyling dello stemma del comune, che nel 2024 \u00e8 diventata citt\u00e0, \u00e8 un esempio di come la creativit\u00e0 possa esprimere l\u2019identit\u00e0 di un luogo. L\u2019associazione \u201cMotori e non solo aps-ets\u201d ha avuto l\u2019onore di intraprendere questo importante progetto, dimostrando che la [&hellip;]<\/p>\n","protected":false},"author":1,"featured_media":0,"parent":0,"menu_order":0,"comment_status":"closed","ping_status":"closed","template":"","meta":{"site-sidebar-layout":"no-sidebar","site-content-layout":"page-builder","ast-site-content-layout":"full-width-container","site-content-style":"default","site-sidebar-style":"default","ast-global-header-display":"","ast-banner-title-visibility":"","ast-main-header-display":"","ast-hfb-above-header-display":"","ast-hfb-below-header-display":"","ast-hfb-mobile-header-display":"","site-post-title":"disabled","ast-breadcrumbs-content":"","ast-featured-img":"disabled","footer-sml-layout":"","ast-disable-related-posts":"","theme-transparent-header-meta":"","adv-header-id-meta":"","stick-header-meta":"","header-above-stick-meta":"","header-main-stick-meta":"","header-below-stick-meta":"","astra-migrate-meta-layouts":"default","ast-page-background-enabled":"default","ast-page-background-meta":{"desktop":{"background-color":"","background-image":"","background-repeat":"repeat","background-position":"center center","background-size":"auto","background-attachment":"scroll","background-type":"","background-media":"","overlay-type":"","overlay-color":"","overlay-opacity":"","overlay-gradient":""},"tablet":{"background-color":"","background-image":"","background-repeat":"repeat","background-position":"center center","background-size":"auto","background-attachment":"scroll","background-type":"","background-media":"","overlay-type":"","overlay-color":"","overlay-opacity":"","overlay-gradient":""},"mobile":{"background-color":"","background-image":"","background-repeat":"repeat","background-position":"center center","background-size":"auto","background-attachment":"scroll","background-type":"","background-media":"","overlay-type":"","overlay-color":"","overlay-opacity":"","overlay-gradient":""}},"ast-content-background-meta":{"desktop":{"background-color":"var(--ast-global-color-5)","background-image":"","background-repeat":"repeat","background-position":"center center","background-size":"auto","background-attachment":"scroll","background-type":"","background-media":"","overlay-type":"","overlay-color":"","overlay-opacity":"","overlay-gradient":""},"tablet":{"background-color":"var(--ast-global-color-5)","background-image":"","background-repeat":"repeat","background-position":"center center","background-size":"auto","background-attachment":"scroll","background-type":"","background-media":"","overlay-type":"","overlay-color":"","overlay-opacity":"","overlay-gradient":""},"mobile":{"background-color":"var(--ast-global-color-5)","background-image":"","background-repeat":"repeat","background-position":"center center","background-size":"auto","background-attachment":"scroll","background-type":"","background-media":"","overlay-type":"","overlay-color":"","overlay-opacity":"","overlay-gradient":""}},"footnotes":""},"class_list":["post-2054","page","type-page","status-publish","hentry"],"jetpack_sharing_enabled":true,"_links":{"self":[{"href":"https:\/\/motorienonsolo.it\/index.php?rest_route=\/wp\/v2\/pages\/2054","targetHints":{"allow":["GET"]}}],"collection":[{"href":"https:\/\/motorienonsolo.it\/index.php?rest_route=\/wp\/v2\/pages"}],"about":[{"href":"https:\/\/motorienonsolo.it\/index.php?rest_route=\/wp\/v2\/types\/page"}],"author":[{"embeddable":true,"href":"https:\/\/motorienonsolo.it\/index.php?rest_route=\/wp\/v2\/users\/1"}],"replies":[{"embeddable":true,"href":"https:\/\/motorienonsolo.it\/index.php?rest_route=%2Fwp%2Fv2%2Fcomments&post=2054"}],"version-history":[{"count":4,"href":"https:\/\/motorienonsolo.it\/index.php?rest_route=\/wp\/v2\/pages\/2054\/revisions"}],"predecessor-version":[{"id":2069,"href":"https:\/\/motorienonsolo.it\/index.php?rest_route=\/wp\/v2\/pages\/2054\/revisions\/2069"}],"wp:attachment":[{"href":"https:\/\/motorienonsolo.it\/index.php?rest_route=%2Fwp%2Fv2%2Fmedia&parent=2054"}],"curies":[{"name":"wp","href":"https:\/\/api.w.org\/{rel}","templated":true}]}}