{"id":2053,"date":"2026-02-13T18:18:26","date_gmt":"2026-02-13T18:18:26","guid":{"rendered":"https:\/\/motorienonsolo.it\/?page_id=2053"},"modified":"2026-02-13T18:21:35","modified_gmt":"2026-02-13T18:21:35","slug":"libro-poste","status":"publish","type":"page","link":"https:\/\/motorienonsolo.it\/?page_id=2053","title":{"rendered":"libro poste"},"content":{"rendered":"\t\t<div data-elementor-type=\"wp-page\" data-elementor-id=\"2053\" class=\"elementor elementor-2053\" data-elementor-post-type=\"page\">\n\t\t\t\t<div class=\"elementor-element elementor-element-b6982bb e-flex e-con-boxed e-con e-parent\" data-id=\"b6982bb\" data-element_type=\"container\" data-e-type=\"container\">\n\t\t\t\t\t<div class=\"e-con-inner\">\n\t\t<div class=\"elementor-element elementor-element-52d2902 e-grid e-con-full e-con e-child\" data-id=\"52d2902\" data-element_type=\"container\" data-e-type=\"container\">\n\t\t<div class=\"elementor-element elementor-element-40e1927 e-con-full e-flex e-con e-child\" data-id=\"40e1927\" data-element_type=\"container\" data-e-type=\"container\">\n\t\t\t\t<div class=\"elementor-element elementor-element-f62b684 elementor-widget elementor-widget-heading\" data-id=\"f62b684\" data-element_type=\"widget\" data-e-type=\"widget\" data-widget_type=\"heading.default\">\n\t\t\t\t\t\t<div class=\"elementor-widget-container\">\n\t\t\t\t\t<h2 class=\"elementor-heading-title elementor-size-default\">libro poste<\/h2>\t\t\t\t<\/div>\n\t\t\t\t<\/div>\n\t\t\t\t<div class=\"elementor-element elementor-element-841937a elementor-widget elementor-widget-text-editor\" data-id=\"841937a\" data-element_type=\"widget\" data-e-type=\"widget\" data-widget_type=\"text-editor.default\">\n\t\t\t\t\t\t<div class=\"elementor-widget-container\">\n\t\t\t\t\t\t\t\t\t<div class=\"gmail_default\"><p>La storia di un luogo pu\u00f2 raccontare storie di persone, sogni e conquiste. Il volume \u201c140\u00b0 Anniversario dell\u2019apertura dell\u2019ufficio postale di Trebaseleghe\u201d \u00e8 un esempio perfetto di come un semplice ufficio postale possa rappresentare la memoria e l\u2019identit\u00e0 di una comunit\u00e0. L\u2019associazione \u201cMotori e non solo aps-ets\u201d ha avuto un ruolo fondamentale nel dare vita a questo progetto editoriale, dimostrando l\u2019importanza della cultura e della storia locale.<\/p><p>Il lavoro dell\u2019associazione non si \u00e8 limitato solo alla pubblicazione, ma ha abbracciato un\u2019intera strategia di comunicazione. La grafica editoriale curata con attenzione rende il libro visivamente accattivante. Ogni pagina racconta qualcosa di unico, dalle fotografie storiche agli aneddoti che riportano alla mente momenti significativi per la comunit\u00e0. Attraverso questa cura per i dettagli, il lettore non pu\u00f2 fare a meno di sentirsi parte della storia di Trebaseleghe.<\/p><p>Inoltre, l\u2019impaginazione e la stampa di alta qualit\u00e0 contribuiscono a un\u2019esperienza di lettura immersiva. Un libro ben progettato invoglia a sfogliare le pagine e a scoprire di pi\u00f9. Ogni capitolo \u00e8 un viaggio nel passato, in cui si possono scoprire i volti e le storie delle persone che hanno vissuto e lavorato attorno all\u2019ufficio postale. La cura nella presentazione rende il volume un tesoro da conservare e condividere.<\/p><p>Infine, la strategia omnichannel dell\u2019associazione ha permesso di raggiungere un pubblico pi\u00f9 ampio. Il volume \u201c140\u00b0 Anniversario dell\u2019apertura dell\u2019ufficio postale di Trebaseleghe\u201d \u00e8 pi\u00f9 di un semplice libro; \u00e8 un tributo alla comunit\u00e0 e alla sua storia. L\u2019associazione \u201cMotori e non solo aps-ets\u201d ha dimostrato che la cultura locale \u00e8 importante e merita di essere celebrata. Attraverso la grafica, l\u2019impaginazione e una strategia efficace, questo progetto editoriale offre un\u2019opportunit\u00e0 per riflettere sulle radici e sull\u2019identit\u00e0 di un luogo. La storia di Trebaseleghe \u00e8 una storia da raccontare e vivere, e questo libro \u00e8 solo l\u2019inizio.<\/p><\/div>\t\t\t\t\t\t\t\t<\/div>\n\t\t\t\t<\/div>\n\t\t\t\t<\/div>\n\t\t<div class=\"elementor-element elementor-element-a59560c e-con-full e-flex e-con e-child\" data-id=\"a59560c\" data-element_type=\"container\" data-e-type=\"container\">\n\t\t\t\t<div class=\"elementor-element elementor-element-d166285 elementor-widget elementor-widget-image\" data-id=\"d166285\" data-element_type=\"widget\" data-e-type=\"widget\" data-widget_type=\"image.default\">\n\t\t\t\t\t\t<div class=\"elementor-widget-container\">\n\t\t\t\t\t\t\t\t\t\t\t\t\t\t\t<img fetchpriority=\"high\" decoding=\"async\" width=\"1024\" height=\"1024\" src=\"https:\/\/motorienonsolo.it\/wp-content\/uploads\/2026\/02\/presentazione-motori-e-non-solo-summer-2026-per-sito-internet3-1024x1024.jpg\" class=\"attachment-large size-large wp-image-2032\" alt=\"\" srcset=\"https:\/\/motorienonsolo.it\/wp-content\/uploads\/2026\/02\/presentazione-motori-e-non-solo-summer-2026-per-sito-internet3-1024x1024.jpg 1024w, https:\/\/motorienonsolo.it\/wp-content\/uploads\/2026\/02\/presentazione-motori-e-non-solo-summer-2026-per-sito-internet3-300x300.jpg 300w, https:\/\/motorienonsolo.it\/wp-content\/uploads\/2026\/02\/presentazione-motori-e-non-solo-summer-2026-per-sito-internet3-150x150.jpg 150w, https:\/\/motorienonsolo.it\/wp-content\/uploads\/2026\/02\/presentazione-motori-e-non-solo-summer-2026-per-sito-internet3-768x768.jpg 768w, https:\/\/motorienonsolo.it\/wp-content\/uploads\/2026\/02\/presentazione-motori-e-non-solo-summer-2026-per-sito-internet3-1536x1536.jpg 1536w, https:\/\/motorienonsolo.it\/wp-content\/uploads\/2026\/02\/presentazione-motori-e-non-solo-summer-2026-per-sito-internet3-2048x2048.jpg 2048w, https:\/\/motorienonsolo.it\/wp-content\/uploads\/2026\/02\/presentazione-motori-e-non-solo-summer-2026-per-sito-internet3-600x600.jpg 600w, https:\/\/motorienonsolo.it\/wp-content\/uploads\/2026\/02\/presentazione-motori-e-non-solo-summer-2026-per-sito-internet3-100x100.jpg 100w\" sizes=\"(max-width: 1024px) 100vw, 1024px\" \/>\t\t\t\t\t\t\t\t\t\t\t\t\t\t\t<\/div>\n\t\t\t\t<\/div>\n\t\t\t\t<\/div>\n\t\t\t\t<\/div>\n\t\t\t\t\t<\/div>\n\t\t\t\t<\/div>\n\t\t<div class=\"elementor-element elementor-element-ff76d6a e-flex e-con-boxed e-con e-parent\" data-id=\"ff76d6a\" data-element_type=\"container\" data-e-type=\"container\">\n\t\t\t\t\t<div class=\"e-con-inner\">\n\t\t\t\t\t<\/div>\n\t\t\t\t<\/div>\n\t\t\t\t<\/div>\n\t\t","protected":false},"excerpt":{"rendered":"<p>libro poste La storia di un luogo pu\u00f2 raccontare storie di persone, sogni e conquiste. Il volume \u201c140\u00b0 Anniversario dell\u2019apertura dell\u2019ufficio postale di Trebaseleghe\u201d \u00e8 un esempio perfetto di come un semplice ufficio postale possa rappresentare la memoria e l\u2019identit\u00e0 di una comunit\u00e0. L\u2019associazione \u201cMotori e non solo aps-ets\u201d ha avuto un ruolo fondamentale nel [&hellip;]<\/p>\n","protected":false},"author":1,"featured_media":0,"parent":0,"menu_order":0,"comment_status":"closed","ping_status":"closed","template":"","meta":{"site-sidebar-layout":"no-sidebar","site-content-layout":"page-builder","ast-site-content-layout":"full-width-container","site-content-style":"default","site-sidebar-style":"default","ast-global-header-display":"","ast-banner-title-visibility":"","ast-main-header-display":"","ast-hfb-above-header-display":"","ast-hfb-below-header-display":"","ast-hfb-mobile-header-display":"","site-post-title":"disabled","ast-breadcrumbs-content":"","ast-featured-img":"disabled","footer-sml-layout":"","ast-disable-related-posts":"","theme-transparent-header-meta":"","adv-header-id-meta":"","stick-header-meta":"","header-above-stick-meta":"","header-main-stick-meta":"","header-below-stick-meta":"","astra-migrate-meta-layouts":"default","ast-page-background-enabled":"default","ast-page-background-meta":{"desktop":{"background-color":"","background-image":"","background-repeat":"repeat","background-position":"center center","background-size":"auto","background-attachment":"scroll","background-type":"","background-media":"","overlay-type":"","overlay-color":"","overlay-opacity":"","overlay-gradient":""},"tablet":{"background-color":"","background-image":"","background-repeat":"repeat","background-position":"center center","background-size":"auto","background-attachment":"scroll","background-type":"","background-media":"","overlay-type":"","overlay-color":"","overlay-opacity":"","overlay-gradient":""},"mobile":{"background-color":"","background-image":"","background-repeat":"repeat","background-position":"center center","background-size":"auto","background-attachment":"scroll","background-type":"","background-media":"","overlay-type":"","overlay-color":"","overlay-opacity":"","overlay-gradient":""}},"ast-content-background-meta":{"desktop":{"background-color":"var(--ast-global-color-5)","background-image":"","background-repeat":"repeat","background-position":"center center","background-size":"auto","background-attachment":"scroll","background-type":"","background-media":"","overlay-type":"","overlay-color":"","overlay-opacity":"","overlay-gradient":""},"tablet":{"background-color":"var(--ast-global-color-5)","background-image":"","background-repeat":"repeat","background-position":"center center","background-size":"auto","background-attachment":"scroll","background-type":"","background-media":"","overlay-type":"","overlay-color":"","overlay-opacity":"","overlay-gradient":""},"mobile":{"background-color":"var(--ast-global-color-5)","background-image":"","background-repeat":"repeat","background-position":"center center","background-size":"auto","background-attachment":"scroll","background-type":"","background-media":"","overlay-type":"","overlay-color":"","overlay-opacity":"","overlay-gradient":""}},"footnotes":""},"class_list":["post-2053","page","type-page","status-publish","hentry"],"jetpack_sharing_enabled":true,"_links":{"self":[{"href":"https:\/\/motorienonsolo.it\/index.php?rest_route=\/wp\/v2\/pages\/2053","targetHints":{"allow":["GET"]}}],"collection":[{"href":"https:\/\/motorienonsolo.it\/index.php?rest_route=\/wp\/v2\/pages"}],"about":[{"href":"https:\/\/motorienonsolo.it\/index.php?rest_route=\/wp\/v2\/types\/page"}],"author":[{"embeddable":true,"href":"https:\/\/motorienonsolo.it\/index.php?rest_route=\/wp\/v2\/users\/1"}],"replies":[{"embeddable":true,"href":"https:\/\/motorienonsolo.it\/index.php?rest_route=%2Fwp%2Fv2%2Fcomments&post=2053"}],"version-history":[{"count":4,"href":"https:\/\/motorienonsolo.it\/index.php?rest_route=\/wp\/v2\/pages\/2053\/revisions"}],"predecessor-version":[{"id":2066,"href":"https:\/\/motorienonsolo.it\/index.php?rest_route=\/wp\/v2\/pages\/2053\/revisions\/2066"}],"wp:attachment":[{"href":"https:\/\/motorienonsolo.it\/index.php?rest_route=%2Fwp%2Fv2%2Fmedia&parent=2053"}],"curies":[{"name":"wp","href":"https:\/\/api.w.org\/{rel}","templated":true}]}}