{"id":2029,"date":"2026-02-13T16:18:46","date_gmt":"2026-02-13T16:18:46","guid":{"rendered":"https:\/\/motorienonsolo.it\/?page_id=2029"},"modified":"2026-02-13T18:05:31","modified_gmt":"2026-02-13T18:05:31","slug":"evento-5-6-7-giugno-2026","status":"publish","type":"page","link":"https:\/\/motorienonsolo.it\/?page_id=2029","title":{"rendered":"evento 5-6-7 giugno 2026"},"content":{"rendered":"\t\t<div data-elementor-type=\"wp-page\" data-elementor-id=\"2029\" class=\"elementor elementor-2029\" data-elementor-post-type=\"page\">\n\t\t\t\t<div class=\"elementor-element elementor-element-b6982bb e-flex e-con-boxed e-con e-parent\" data-id=\"b6982bb\" data-element_type=\"container\" data-e-type=\"container\">\n\t\t\t\t\t<div class=\"e-con-inner\">\n\t\t<div class=\"elementor-element elementor-element-52d2902 e-grid e-con-full e-con e-child\" data-id=\"52d2902\" data-element_type=\"container\" data-e-type=\"container\">\n\t\t<div class=\"elementor-element elementor-element-40e1927 e-con-full e-flex e-con e-child\" data-id=\"40e1927\" data-element_type=\"container\" data-e-type=\"container\">\n\t\t\t\t<div class=\"elementor-element elementor-element-f62b684 elementor-widget elementor-widget-heading\" data-id=\"f62b684\" data-element_type=\"widget\" data-e-type=\"widget\" data-widget_type=\"heading.default\">\n\t\t\t\t\t\t<div class=\"elementor-widget-container\">\n\t\t\t\t\t<h2 class=\"elementor-heading-title elementor-size-default\">5-6-7 Giugno 2026<\/h2>\t\t\t\t<\/div>\n\t\t\t\t<\/div>\n\t\t\t\t<div class=\"elementor-element elementor-element-841937a elementor-widget elementor-widget-text-editor\" data-id=\"841937a\" data-element_type=\"widget\" data-e-type=\"widget\" data-widget_type=\"text-editor.default\">\n\t\t\t\t\t\t<div class=\"elementor-widget-container\">\n\t\t\t\t\t\t\t\t\t<div class=\"gmail_default\"><p>L\u2019Associazione Motori e Non Solo aps-ets, con il patrocinio del Comune di Trebaseleghe, sta organizzando un evento volto a riunire e far socializzare le diverse realt\u00e0 che animano la nostra citt\u00e0. Vi diamo il benvenuto alla nostra associazione con il \u201c<b>Motori e Non Solo SUMMER 2026<\/b>\u201d, che si svolger\u00e0 in vari punti del centro di Trebaseleghe (Padova) dal 5 al 7 giugno 2026.<\/p><p>Di seguito trovate il programma ancora in costruzione ma che a breve si concretizzer\u00e0 con maggior dettaglio.<\/p><p><b>Venerd\u00ec 5 giugno<\/b>: Il format \u201cStudent Village\u201d coinvolger\u00e0 circa 1.400 alunni e le loro famiglie dell\u2019Istituto Comprensivo Scolastico \u201cG. Ponti\u201d di Trebaseleghe-Massanzago. La location sar\u00e0 il palazzetto dello sport, dove durante la serata saranno allestiti giochi per i ragazzi, tutti gli alunni saranno premiati da un ospite e la serata si concluder\u00e0 con l\u2019esibizione del Dj MisteRicy.<\/p><p><b>Sabato 6 giugno<\/b>: Si terr\u00e0 un raduno statico di auto con oltre 300 veicoli, coinvolgendo studenti delle scuole superiori e giovani provenienti da diverse localit\u00e0, grazie alla presenza di noti influencer nel settore automobilistico. La serata sar\u00e0 chiusa dal gruppo musicale Sismica.<\/p><p><b>Domenica 7 giugno<\/b>: L\u2019evento inizier\u00e0 nel pomeriggio e coinvolger\u00e0 tutte le associazioni di volontariato e sportive, che presenteranno le loro attivit\u00e0. Inoltre, per i partecipanti ci saranno esibizioni di Freestyle BMX, un raduno di Vespe e un concerto che concluder\u00e0 la giornata.<\/p><p>Siamo alla ricerca di partner che condividano i nostri valori e crediamo che questa sia un\u2019ottima occasione per aumentare la vostra visibilit\u00e0 aziendale.<\/p><p>Il ricavato andr\u00e0 a favore degli alunni dell\u2019Istituto Comprensivo Statale \u201cG. Ponti\u201d Trebaseleghe &#8211; Massanzago<\/p><\/div>\t\t\t\t\t\t\t\t<\/div>\n\t\t\t\t<\/div>\n\t\t\t\t<\/div>\n\t\t<div class=\"elementor-element elementor-element-a59560c e-con-full e-flex e-con e-child\" data-id=\"a59560c\" data-element_type=\"container\" data-e-type=\"container\">\n\t\t\t\t<div class=\"elementor-element elementor-element-d166285 elementor-widget elementor-widget-image\" data-id=\"d166285\" data-element_type=\"widget\" data-e-type=\"widget\" data-widget_type=\"image.default\">\n\t\t\t\t\t\t<div class=\"elementor-widget-container\">\n\t\t\t\t\t\t\t\t\t\t\t\t\t\t\t<img fetchpriority=\"high\" decoding=\"async\" width=\"1024\" height=\"1024\" src=\"https:\/\/motorienonsolo.it\/wp-content\/uploads\/2026\/02\/presentazione-motori-e-non-solo-summer-2026-1024x1024.jpg\" class=\"attachment-large size-large wp-image-2022\" alt=\"\" srcset=\"https:\/\/motorienonsolo.it\/wp-content\/uploads\/2026\/02\/presentazione-motori-e-non-solo-summer-2026-1024x1024.jpg 1024w, https:\/\/motorienonsolo.it\/wp-content\/uploads\/2026\/02\/presentazione-motori-e-non-solo-summer-2026-300x300.jpg 300w, https:\/\/motorienonsolo.it\/wp-content\/uploads\/2026\/02\/presentazione-motori-e-non-solo-summer-2026-150x150.jpg 150w, https:\/\/motorienonsolo.it\/wp-content\/uploads\/2026\/02\/presentazione-motori-e-non-solo-summer-2026-768x768.jpg 768w, https:\/\/motorienonsolo.it\/wp-content\/uploads\/2026\/02\/presentazione-motori-e-non-solo-summer-2026-1536x1536.jpg 1536w, https:\/\/motorienonsolo.it\/wp-content\/uploads\/2026\/02\/presentazione-motori-e-non-solo-summer-2026-2048x2048.jpg 2048w, https:\/\/motorienonsolo.it\/wp-content\/uploads\/2026\/02\/presentazione-motori-e-non-solo-summer-2026-600x600.jpg 600w, https:\/\/motorienonsolo.it\/wp-content\/uploads\/2026\/02\/presentazione-motori-e-non-solo-summer-2026-100x100.jpg 100w\" sizes=\"(max-width: 1024px) 100vw, 1024px\" \/>\t\t\t\t\t\t\t\t\t\t\t\t\t\t\t<\/div>\n\t\t\t\t<\/div>\n\t\t\t\t<\/div>\n\t\t\t\t<\/div>\n\t\t\t\t\t<\/div>\n\t\t\t\t<\/div>\n\t\t<div class=\"elementor-element elementor-element-ff76d6a e-flex e-con-boxed e-con e-parent\" data-id=\"ff76d6a\" data-element_type=\"container\" data-e-type=\"container\">\n\t\t\t\t\t<div class=\"e-con-inner\">\n\t\t\t\t\t<\/div>\n\t\t\t\t<\/div>\n\t\t\t\t<\/div>\n\t\t","protected":false},"excerpt":{"rendered":"<p>5-6-7 Giugno 2026 L\u2019Associazione Motori e Non Solo aps-ets, con il patrocinio del Comune di Trebaseleghe, sta organizzando un evento volto a riunire e far socializzare le diverse realt\u00e0 che animano la nostra citt\u00e0. Vi diamo il benvenuto alla nostra associazione con il \u201cMotori e Non Solo SUMMER 2026\u201d, che si svolger\u00e0 in vari punti [&hellip;]<\/p>\n","protected":false},"author":1,"featured_media":0,"parent":0,"menu_order":0,"comment_status":"closed","ping_status":"closed","template":"","meta":{"site-sidebar-layout":"no-sidebar","site-content-layout":"page-builder","ast-site-content-layout":"full-width-container","site-content-style":"default","site-sidebar-style":"default","ast-global-header-display":"","ast-banner-title-visibility":"","ast-main-header-display":"","ast-hfb-above-header-display":"","ast-hfb-below-header-display":"","ast-hfb-mobile-header-display":"","site-post-title":"disabled","ast-breadcrumbs-content":"","ast-featured-img":"disabled","footer-sml-layout":"","ast-disable-related-posts":"","theme-transparent-header-meta":"","adv-header-id-meta":"","stick-header-meta":"","header-above-stick-meta":"","header-main-stick-meta":"","header-below-stick-meta":"","astra-migrate-meta-layouts":"default","ast-page-background-enabled":"default","ast-page-background-meta":{"desktop":{"background-color":"","background-image":"","background-repeat":"repeat","background-position":"center center","background-size":"auto","background-attachment":"scroll","background-type":"","background-media":"","overlay-type":"","overlay-color":"","overlay-opacity":"","overlay-gradient":""},"tablet":{"background-color":"","background-image":"","background-repeat":"repeat","background-position":"center center","background-size":"auto","background-attachment":"scroll","background-type":"","background-media":"","overlay-type":"","overlay-color":"","overlay-opacity":"","overlay-gradient":""},"mobile":{"background-color":"","background-image":"","background-repeat":"repeat","background-position":"center center","background-size":"auto","background-attachment":"scroll","background-type":"","background-media":"","overlay-type":"","overlay-color":"","overlay-opacity":"","overlay-gradient":""}},"ast-content-background-meta":{"desktop":{"background-color":"var(--ast-global-color-5)","background-image":"","background-repeat":"repeat","background-position":"center center","background-size":"auto","background-attachment":"scroll","background-type":"","background-media":"","overlay-type":"","overlay-color":"","overlay-opacity":"","overlay-gradient":""},"tablet":{"background-color":"var(--ast-global-color-5)","background-image":"","background-repeat":"repeat","background-position":"center center","background-size":"auto","background-attachment":"scroll","background-type":"","background-media":"","overlay-type":"","overlay-color":"","overlay-opacity":"","overlay-gradient":""},"mobile":{"background-color":"var(--ast-global-color-5)","background-image":"","background-repeat":"repeat","background-position":"center center","background-size":"auto","background-attachment":"scroll","background-type":"","background-media":"","overlay-type":"","overlay-color":"","overlay-opacity":"","overlay-gradient":""}},"footnotes":""},"class_list":["post-2029","page","type-page","status-publish","hentry"],"jetpack_sharing_enabled":true,"_links":{"self":[{"href":"https:\/\/motorienonsolo.it\/index.php?rest_route=\/wp\/v2\/pages\/2029","targetHints":{"allow":["GET"]}}],"collection":[{"href":"https:\/\/motorienonsolo.it\/index.php?rest_route=\/wp\/v2\/pages"}],"about":[{"href":"https:\/\/motorienonsolo.it\/index.php?rest_route=\/wp\/v2\/types\/page"}],"author":[{"embeddable":true,"href":"https:\/\/motorienonsolo.it\/index.php?rest_route=\/wp\/v2\/users\/1"}],"replies":[{"embeddable":true,"href":"https:\/\/motorienonsolo.it\/index.php?rest_route=%2Fwp%2Fv2%2Fcomments&post=2029"}],"version-history":[{"count":10,"href":"https:\/\/motorienonsolo.it\/index.php?rest_route=\/wp\/v2\/pages\/2029\/revisions"}],"predecessor-version":[{"id":2052,"href":"https:\/\/motorienonsolo.it\/index.php?rest_route=\/wp\/v2\/pages\/2029\/revisions\/2052"}],"wp:attachment":[{"href":"https:\/\/motorienonsolo.it\/index.php?rest_route=%2Fwp%2Fv2%2Fmedia&parent=2029"}],"curies":[{"name":"wp","href":"https:\/\/api.w.org\/{rel}","templated":true}]}}